{"id":1048,"date":"2022-03-21T13:42:36","date_gmt":"2022-03-21T18:42:36","guid":{"rendered":"https:\/\/www.visualstress.app\/?page_id=1048"},"modified":"2023-03-12T21:15:01","modified_gmt":"2023-03-13T02:15:01","slug":"about-vscat","status":"publish","type":"page","link":"https:\/\/www.visualstress.app\/fr\/about-vscat\/","title":{"rendered":"\u00c0 propos"},"content":{"rendered":"<h1 class=\"has-black-color has-text-color wp-block-heading\" style=\"font-size:32px\">Qu'est-ce que le VSCAT ?<\/h1>\n\n\n\n<div class=\"wp-block-columns is-layout-flex wp-container-core-columns-is-layout-9d6595d7 wp-block-columns-is-layout-flex\">\n<div class=\"wp-block-column is-layout-flow wp-block-column-is-layout-flow\" style=\"flex-basis:66.66%\">\n<p class=\"has-black-color has-text-color\" style=\"font-size:16px;font-style:normal;font-weight:400\">L'outil d'\u00e9valuation du stress visuel et de la colorim\u00e9trie (VSCAT) est un logiciel en tant que service (SaaS) utilis\u00e9 pour soutenir le processus global d'\u00e9valuation du stress visuel des individus. Cet outil est con\u00e7u pour \u00eatre utilis\u00e9 par le grand public, avec quelques \u00e9l\u00e9ments plus avanc\u00e9s pour les professionnels des soins oculaires, de la sant\u00e9 et de l'\u00e9ducation.  <\/p>\n\n\n\n<p class=\"has-black-color has-text-color\" style=\"font-size:16px;font-style:normal;font-weight:400\">Les personnes susceptibles de b\u00e9n\u00e9ficier de ce processus souffrent de troubles neurologiques et neurod\u00e9veloppementaux qui compromettent le syst\u00e8me visuel. Il s'agit notamment de difficult\u00e9s d'apprentissage, de migraines et de l\u00e9sions c\u00e9r\u00e9brales acquises. <\/p>\n\n\n\n<p class=\"has-black-color has-text-color\" style=\"font-size:16px;font-style:normal;font-weight:400\">The VSCAT uses a combination of printed material, videos, hard goods and a medical device, to guide individuals and specialists through the assessment journey \u2013 from pre-screening and identification of Visual Stress to fulfillment with precision tinted lenses. <\/p>\n\n\n\n<p class=\"has-black-color has-text-color\" style=\"font-size:16px;font-style:normal;font-weight:400\">Pour commencer, rendez-vous sur le site <a href=\"https:\/\/www.visualstress.app\/fr\/pre-screening-test\/\">test de d\u00e9pistage<\/a> (\u00e9tape 1). Regardez les vid\u00e9os et compl\u00e9tez les sections pour obtenir votre rapport et votre r\u00e9sum\u00e9 de notation. \u00a0<br><br>Pour plus d'informations, veuillez consulter notre <a href=\"https:\/\/www.visualstress.app\/fr\/privacy-policy\/\">Politique de confidentialit\u00e9<\/a> , <a href=\"https:\/\/www.visualstress.app\/fr\/terms-of-use\/\">Conditions d'utilisation<\/a> et <a href=\"https:\/\/www.visualstress.app\/fr\/system-requirements\/\">Configuration requise<\/a>.<br><br>N'h\u00e9sitez pas \u00e0 <a href=\"https:\/\/www.visualstress.app\/fr\/contact-us\/\">contactez-nous<\/a> pour toute question.<\/p>\n<\/div>\n\n\n\n<div class=\"wp-block-column is-layout-flow wp-block-column-is-layout-flow\" style=\"flex-basis:33.33%\">\n<p class=\"has-black-color has-text-color\" style=\"font-size:16px\"><strong>L'application VSCAT est une consolidation de plusieurs outils d'\u00e9valuation formels :&nbsp;<\/strong><\/p>\n\n\n\n<ul class=\"wp-block-list\">\n<li><a href=\"https:\/\/www.ncbi.nlm.nih.gov\/pmc\/articles\/PMC5484780\/\">Lignes directrices pratiques pour le diagnostic du stress visuel<\/a><p style=\"color:black\">(2016) une \u00e9tude Delphi publi\u00e9e dans le Journal of Optometry<\/p><\/li>\n\n\n\n<li><a rel=\"noreferrer noopener\" href=\"https:\/\/onlinelibrary.wiley.com\/doi\/abs\/10.1046\/j.1475-1313.1995.9500060q.x\" target=\"_blank\">Protocole clinique pour la prise en charge optom\u00e9trique des patients ayant des difficult\u00e9s de lecture<\/a> <p style=\"color:black\"> (1995) publi\u00e9 dans le Journal of Ophthalmic and Psychological Optics (Journal de l'optique ophtalmique et psychologique)&nbsp;&nbsp;<\/p><\/li>\n\n\n\n<li><a href=\"https:\/\/www.academia.edu\/18746257\/A_colorizer_for_use_in_determining_an_optimal_ophthalmic_tint\" target=\"_blank\" rel=\"noreferrer noopener\">Colorim\u00e8tre intuitif (Colorizer) pour d\u00e9terminer la teinte ophtalmique optimale des patients ayant des difficult\u00e9s de lecture<\/a><p style=\"color:black\"> (2001) publi\u00e9 dans Colour Research and Application<\/p><\/li>\n\n\n\n<li><a rel=\"noreferrer noopener\" href=\"https:\/\/www.opticalm.ca\/clinical-protocol\" target=\"_blank\">Le processus de pr\u00e9s\u00e9lection et d'\u00e9valuation<\/a> <p style=\"color:black\">(2013) par Opticalm Inc. <\/p>&nbsp;&nbsp;<\/li>\n<\/ul>\n<\/div>\n<\/div>\n\n\n\n<p><\/p>","protected":false},"excerpt":{"rendered":"<p>What is the VSCAT? The Visual Stress &amp; Colorimetry Assessment Tool (VSCAT) is a software as a service (SaaS) application used to support the comprehensive process for evaluating individuals for Visual Stress. This tool is designed for use by the general public, with some more advanced components for eye care, health care and education professionals. [&hellip;]<\/p>\n","protected":false},"author":1,"featured_media":0,"parent":0,"menu_order":0,"comment_status":"closed","ping_status":"closed","template":"","meta":{"ocean_post_layout":"","ocean_both_sidebars_style":"","ocean_both_sidebars_content_width":0,"ocean_both_sidebars_sidebars_width":0,"ocean_sidebar":"0","ocean_second_sidebar":"0","ocean_disable_margins":"enable","ocean_add_body_class":"","ocean_shortcode_before_top_bar":"","ocean_shortcode_after_top_bar":"","ocean_shortcode_before_header":"","ocean_shortcode_after_header":"","ocean_has_shortcode":"","ocean_shortcode_after_title":"","ocean_shortcode_before_footer_widgets":"","ocean_shortcode_after_footer_widgets":"","ocean_shortcode_before_footer_bottom":"","ocean_shortcode_after_footer_bottom":"","ocean_display_top_bar":"default","ocean_display_header":"default","ocean_header_style":"","ocean_center_header_left_menu":"0","ocean_custom_header_template":"0","ocean_custom_logo":0,"ocean_custom_retina_logo":0,"ocean_custom_logo_max_width":0,"ocean_custom_logo_tablet_max_width":0,"ocean_custom_logo_mobile_max_width":0,"ocean_custom_logo_max_height":0,"ocean_custom_logo_tablet_max_height":0,"ocean_custom_logo_mobile_max_height":0,"ocean_header_custom_menu":"0","ocean_menu_typo_font_family":"0","ocean_menu_typo_font_subset":"","ocean_menu_typo_font_size":0,"ocean_menu_typo_font_size_tablet":0,"ocean_menu_typo_font_size_mobile":0,"ocean_menu_typo_font_size_unit":"px","ocean_menu_typo_font_weight":"","ocean_menu_typo_font_weight_tablet":"","ocean_menu_typo_font_weight_mobile":"","ocean_menu_typo_transform":"","ocean_menu_typo_transform_tablet":"","ocean_menu_typo_transform_mobile":"","ocean_menu_typo_line_height":0,"ocean_menu_typo_line_height_tablet":0,"ocean_menu_typo_line_height_mobile":0,"ocean_menu_typo_line_height_unit":"","ocean_menu_typo_spacing":0,"ocean_menu_typo_spacing_tablet":0,"ocean_menu_typo_spacing_mobile":0,"ocean_menu_typo_spacing_unit":"","ocean_menu_link_color":"","ocean_menu_link_color_hover":"","ocean_menu_link_color_active":"","ocean_menu_link_background":"","ocean_menu_link_hover_background":"","ocean_menu_link_active_background":"","ocean_menu_social_links_bg":"","ocean_menu_social_hover_links_bg":"","ocean_menu_social_links_color":"","ocean_menu_social_hover_links_color":"","ocean_disable_title":"default","ocean_disable_heading":"default","ocean_post_title":"","ocean_post_subheading":"","ocean_post_title_style":"","ocean_post_title_background_color":"","ocean_post_title_background":0,"ocean_post_title_bg_image_position":"","ocean_post_title_bg_image_attachment":"","ocean_post_title_bg_image_repeat":"","ocean_post_title_bg_image_size":"","ocean_post_title_height":0,"ocean_post_title_bg_overlay":0.5,"ocean_post_title_bg_overlay_color":"","ocean_disable_breadcrumbs":"default","ocean_breadcrumbs_color":"","ocean_breadcrumbs_separator_color":"","ocean_breadcrumbs_links_color":"","ocean_breadcrumbs_links_hover_color":"","ocean_display_footer_widgets":"default","ocean_display_footer_bottom":"default","ocean_custom_footer_template":"0","footnotes":""},"folder":[15],"class_list":["post-1048","page","type-page","status-publish","hentry","entry"],"_links":{"self":[{"href":"https:\/\/www.visualstress.app\/fr\/wp-json\/wp\/v2\/pages\/1048","targetHints":{"allow":["GET"]}}],"collection":[{"href":"https:\/\/www.visualstress.app\/fr\/wp-json\/wp\/v2\/pages"}],"about":[{"href":"https:\/\/www.visualstress.app\/fr\/wp-json\/wp\/v2\/types\/page"}],"author":[{"embeddable":true,"href":"https:\/\/www.visualstress.app\/fr\/wp-json\/wp\/v2\/users\/1"}],"replies":[{"embeddable":true,"href":"https:\/\/www.visualstress.app\/fr\/wp-json\/wp\/v2\/comments?post=1048"}],"version-history":[{"count":0,"href":"https:\/\/www.visualstress.app\/fr\/wp-json\/wp\/v2\/pages\/1048\/revisions"}],"wp:attachment":[{"href":"https:\/\/www.visualstress.app\/fr\/wp-json\/wp\/v2\/media?parent=1048"}],"wp:term":[{"taxonomy":"folder","embeddable":true,"href":"https:\/\/www.visualstress.app\/fr\/wp-json\/wp\/v2\/folder?post=1048"}],"curies":[{"name":"wp","href":"https:\/\/api.w.org\/{rel}","templated":true}]}}