{"id":1759,"date":"2022-02-11T02:57:24","date_gmt":"2022-02-11T07:57:24","guid":{"rendered":"https:\/\/www.visualstress.app\/home-2\/"},"modified":"2024-04-19T16:59:24","modified_gmt":"2024-04-19T21:59:24","slug":"home-beta","status":"publish","type":"page","link":"https:\/\/www.visualstress.app\/fr\/","title":{"rendered":"Home &#8211; Version 1.07"},"content":{"rendered":"<div class=\"wp-block-group alignfull\"><div class=\"wp-block-group__inner-container is-layout-flow wp-block-group-is-layout-flow\">\n<p class=\"has-text-align-center has-black-color has-text-color has-medium-font-size\">Avez-vous des troubles d'apprentissage, de lecture, d'attention, ou souffrez-vous de migraines, de commotions c\u00e9r\u00e9brales ou de traumatismes cr\u00e2niens ?<\/p>\n\n\n\n<div class=\"wp-block-cover alignfull is-light has-custom-content-position is-position-bottom-center\" style=\"min-height:100vh;aspect-ratio:unset;\"><span aria-hidden=\"true\" class=\"wp-block-cover__background has-background-dim-100 has-background-dim\" style=\"background-color:#f7f7f7\"><\/span><div class=\"wp-block-cover__inner-container is-layout-flow wp-block-cover-is-layout-flow\">\n<div class=\"wp-block-media-text alignfull is-stacked-on-mobile is-vertically-aligned-center is-image-fill\" style=\"grid-template-columns:47% auto\"><figure class=\"wp-block-media-text__media\" style=\"background-image:url(https:\/\/www.visualstress.app\/wp-content\/uploads\/2023\/03\/VSCAT_pre-screening.png);background-position:50% 50%\"><a href=\"https:\/\/www.visualstress.app\/fr\/pre-screening-test\/\"><img loading=\"lazy\" decoding=\"async\" width=\"960\" height=\"540\" src=\"https:\/\/www.visualstress.app\/wp-content\/uploads\/2023\/03\/VSCAT_pre-screening.png\" alt=\"Woman with visual stress holding back of her head\" class=\"wp-image-2985 size-full\" srcset=\"https:\/\/www.visualstress.app\/wp-content\/uploads\/2023\/03\/VSCAT_pre-screening.png 960w, https:\/\/www.visualstress.app\/wp-content\/uploads\/2023\/03\/VSCAT_pre-screening-300x169.png 300w, https:\/\/www.visualstress.app\/wp-content\/uploads\/2023\/03\/VSCAT_pre-screening-768x432.png 768w, https:\/\/www.visualstress.app\/wp-content\/uploads\/2023\/03\/VSCAT_pre-screening-800x450.png 800w\" sizes=\"auto, (max-width: 960px) 100vw, 960px\" \/><\/a><\/figure><div class=\"wp-block-media-text__content\">\n<h2 class=\"wp-block-heading has-text-color\" style=\"color:#000000;font-size:28px\">\u00c9tape 1 - Test de pr\u00e9s\u00e9lection gratuit<\/h2>\n\n\n\n<p class=\"has-text-color\" style=\"color:#000000;font-size:16px;font-style:normal;font-weight:400\">D\u00e9couvrez maintenant si vous, un membre de votre famille ou un patient \u00eates touch\u00e9 par le stress visuel.<\/p>\n\n\n\n<p class=\"has-black-color has-text-color\" style=\"font-size:16px;font-style:normal;font-weight:400\">Le test de d\u00e9pistage est un outil de d\u00e9couverte qui vous permet de mieux comprendre le Stress Visuel, votre situation et la probabilit\u00e9 que vous souffriez et que vous b\u00e9n\u00e9ficiiez des \u00e9tapes 2 et 3. <\/p>\n\n\n\n<p class=\"has-text-color translation-block\" style=\"color:#000000;font-size:16px;font-style:normal;font-weight:400\">Le test de d\u00e9pistage <strong>gratuit<\/strong> comprend les \u00e9l\u00e9ments suivants :<\/p>\n\n\n\n<ul class=\"wp-block-list\" style=\"font-size:16px;font-style:normal;font-weight:400\">\n<li>Des vid\u00e9os informatifs pour vous guider<\/li>\n\n\n\n<li>Un rapport avec votre score et les r\u00e9sultats des tests<\/li>\n\n\n\n<li>Liens vers des ressources suppl\u00e9mentaires et des solutions potentielles.<\/li>\n<\/ul>\n\n\n\n<div style=\"height:4px\" aria-hidden=\"true\" class=\"wp-block-spacer\"><\/div>\n\n\n\n<div class=\"wp-block-buttons is-content-justification-left is-layout-flex wp-container-core-buttons-is-layout-fdcfc74e wp-block-buttons-is-layout-flex\">\n<div class=\"wp-block-button is-style-fill\"><a class=\"wp-block-button__link has-white-color has-luminous-vivid-orange-to-vivid-red-gradient-background has-text-color has-background wp-element-button\" href=\"https:\/\/www.visualstress.app\/fr\/pre-screening-test\/\">Commencez le test gratuit<\/a><\/div>\n\n\n\n<div class=\"wp-block-button\"><a class=\"wp-block-button__link has-white-color has-text-color has-background wp-element-button\" href=\"https:\/\/www.visualstress.app\/fr\/ft6-find-my-free-test-2\/\" style=\"background:linear-gradient(135deg,rgb(68,121,189) 0%,rgb(5,62,162) 100%)\">R\u00e9cup\u00e9rez votre rapport<\/a><\/div>\n\n\n\n<div class=\"wp-block-button\"><a class=\"wp-block-button__link has-white-color has-text-color has-background wp-element-button\" href=\"https:\/\/www.visualstress.app\/fr\/ft6_1_email_pre-screening_\/\" style=\"background:linear-gradient(135deg,rgb(38,172,118) 0%,rgb(0,141,89) 100%)\">Trouvez votre \u2116 de test<\/a><\/div>\n<\/div>\n<\/div><\/div>\n\n\n\n<div style=\"height:60px\" aria-hidden=\"true\" class=\"wp-block-spacer\"><\/div>\n\n\n\n<div class=\"wp-block-cover alignfull is-light\" style=\"min-height:477px;aspect-ratio:unset;\"><span aria-hidden=\"true\" class=\"wp-block-cover__background has-background-dim-100 has-background-dim\" style=\"background-color:#f7f7f7\"><\/span><div class=\"wp-block-cover__inner-container is-layout-flow wp-block-cover-is-layout-flow\">\n<div class=\"wp-block-media-text alignfull is-stacked-on-mobile is-image-fill\" style=\"grid-template-columns:47% auto\"><figure class=\"wp-block-media-text__media\" style=\"background-image:url(https:\/\/www.visualstress.app\/wp-content\/uploads\/2022\/03\/4145350-e1648697058659-1024x684.jpg);background-position:37% 44%\"><img decoding=\"async\" src=\"https:\/\/www.visualstress.app\/wp-content\/uploads\/2022\/03\/4145350-e1648697058659-1024x684.jpg\" alt=\"Mother and son at computer\" class=\"wp-image-847 size-full\"\/><\/figure><div class=\"wp-block-media-text__content\">\n<h2 class=\"wp-block-heading has-text-color\" style=\"color:#000000;font-size:28px\">\u00c9tape 2 - \u00c9valuation du stress visuel<\/h2>\n\n\n\n<p class=\"has-black-color has-text-color\" style=\"font-size:16px;font-style:normal;font-weight:400\">Lorsque les r\u00e9sultats de votre test de d\u00e9pistage indiquent que le stress visuel peut contribuer \u00e0 vos sympt\u00f4mes ou que vous soup\u00e7onnez que vous souffrez de stress visuel, <a href=\"https:\/\/www.visualstress.app\/fr\/find-providers\/\">contactez un prestataire<\/a> pour prendre rendez-vous pour une \u00e9valuation en clinique. <\/p>\n\n\n\n<p class=\"has-black-color has-text-color\" style=\"font-size:16px;font-style:normal;font-weight:400\">Remarque : Un examen complet et r\u00e9cent de la vue est fortement recommand\u00e9 \u00e0 ce stade pour exclure et corriger toute anomalie visuelle pouvant contribuer \u00e0 vos sympt\u00f4mes.<\/p>\n\n\n\n<div class=\"wp-block-buttons is-content-justification-left is-layout-flex wp-container-core-buttons-is-layout-fdcfc74e wp-block-buttons-is-layout-flex\">\n<div class=\"wp-block-button is-style-outline is-style-outline--1\"><a class=\"wp-block-button__link has-white-color has-luminous-vivid-orange-to-vivid-red-gradient-background has-text-color has-background wp-element-button\" href=\"https:\/\/www.visualstress.app\/fr\/find-providers\/\"><strong>Trouvez une clinique<\/strong><\/a><\/div>\n<\/div>\n<\/div><\/div>\n\n\n\n<div style=\"height:60px\" aria-hidden=\"true\" class=\"wp-block-spacer\"><\/div>\n\n\n\n<div class=\"wp-block-media-text alignfull is-stacked-on-mobile is-vertically-aligned-center is-image-fill\" style=\"grid-template-columns:47% auto\"><figure class=\"wp-block-media-text__media\" style=\"background-image:url(https:\/\/www.visualstress.app\/wp-content\/uploads\/2022\/02\/Girl-with-optometrist.png);background-position:50% 50%\"><img loading=\"lazy\" decoding=\"async\" width=\"654\" height=\"456\" src=\"https:\/\/www.visualstress.app\/wp-content\/uploads\/2022\/02\/Girl-with-optometrist.png\" alt=\"Girl with optometrist\" class=\"wp-image-182 size-full\" srcset=\"https:\/\/www.visualstress.app\/wp-content\/uploads\/2022\/02\/Girl-with-optometrist.png 654w, https:\/\/www.visualstress.app\/wp-content\/uploads\/2022\/02\/Girl-with-optometrist-300x209.png 300w\" sizes=\"auto, (max-width: 654px) 100vw, 654px\" \/><\/figure><div class=\"wp-block-media-text__content\">\n<h2 class=\"wp-block-heading has-text-color\" style=\"color:#000000;font-size:28px\">\u00c9tape 3 - \u00c9valuation avec l'Intuitive Colorimeter\u2122<\/h2>\n\n\n\n<p class=\"has-black-color has-text-color\" style=\"font-size:16px\">L'\u00e9valuation avec l'Intuitive Colorimeter\u2122 d\u00e9termine la teinte, la luminosit\u00e9 et la saturation optimales pour aider \u00e0 att\u00e9nuer ou \u00e0 r\u00e9duire les sympt\u00f4mes du stress visuel et \u00e0 am\u00e9liorer la qualit\u00e9 de vie.<\/p>\n\n\n\n<p class=\"has-black-color has-text-color\" style=\"font-size:16px;font-style:normal;font-weight:400\">Avec plus de 100 000 combinaisons de couleurs, les teintes de pr\u00e9cision m\u00e9dicale sont la meilleure solution pour aider les personnes souffrant de stress visuel.&nbsp;<\/p>\n\n\n\n<p class=\"has-black-color has-text-color\" style=\"font-size:16px;font-style:normal;font-weight:400\">Votre prestataire ne passera \u00e0 l&#039;\u00e9tape 3 que si les r\u00e9sultats de l&#039;\u00e9tape 2 sont concluants. <\/p>\n\n\n\n<p class=\"has-black-color has-text-color\" style=\"font-size:16px;font-style:normal;font-weight:400\">Remarque : Un examen complet et r\u00e9cent de la vue est n\u00e9cessaire avant de prescrire des verres teint\u00e9s de pr\u00e9cision.  <br><br>Pour apprendre plus, <a href=\"https:\/\/www.visualstress.app\/fr\/contact-us\/\">contactez-nous<\/a> ou un <a href=\"https:\/\/www.visualstress.app\/fr\/find-providers\/\">prestataire de colorim\u00e9trie autoris\u00e9<\/a>. <\/p>\n\n\n\n<div class=\"wp-block-buttons is-content-justification-left is-layout-flex wp-container-core-buttons-is-layout-fdcfc74e wp-block-buttons-is-layout-flex\">\n<div class=\"wp-block-button is-style-fill\"><a class=\"wp-block-button__link has-white-color has-luminous-vivid-orange-to-vivid-red-gradient-background has-text-color has-background wp-element-button\" href=\"https:\/\/www.visualstress.app\/fr\/find-providers\/\"><strong>Trouvez une clinique<\/strong><\/a><\/div>\n<\/div>\n<\/div><\/div>\n<\/div><\/div>\n<\/div><\/div>\n<\/div><\/div>","protected":false},"excerpt":{"rendered":"<p>Avez-vous des troubles d'apprentissage, de lecture, d'attention, ou souffrez-vous de migraines, de commotions c\u00e9r\u00e9brales ou de traumatismes cr\u00e2niens ?<\/p>","protected":false},"author":2,"featured_media":0,"parent":0,"menu_order":0,"comment_status":"closed","ping_status":"closed","template":"","meta":{"ocean_post_layout":"","ocean_both_sidebars_style":"","ocean_both_sidebars_content_width":0,"ocean_both_sidebars_sidebars_width":0,"ocean_sidebar":"0","ocean_second_sidebar":"0","ocean_disable_margins":"enable","ocean_add_body_class":"","ocean_shortcode_before_top_bar":"","ocean_shortcode_after_top_bar":"","ocean_shortcode_before_header":"","ocean_shortcode_after_header":"","ocean_has_shortcode":"","ocean_shortcode_after_title":"","ocean_shortcode_before_footer_widgets":"","ocean_shortcode_after_footer_widgets":"","ocean_shortcode_before_footer_bottom":"","ocean_shortcode_after_footer_bottom":"","ocean_display_top_bar":"default","ocean_display_header":"default","ocean_header_style":"","ocean_center_header_left_menu":"0","ocean_custom_header_template":"0","ocean_custom_logo":0,"ocean_custom_retina_logo":0,"ocean_custom_logo_max_width":0,"ocean_custom_logo_tablet_max_width":0,"ocean_custom_logo_mobile_max_width":0,"ocean_custom_logo_max_height":0,"ocean_custom_logo_tablet_max_height":0,"ocean_custom_logo_mobile_max_height":0,"ocean_header_custom_menu":"0","ocean_menu_typo_font_family":"0","ocean_menu_typo_font_subset":"","ocean_menu_typo_font_size":0,"ocean_menu_typo_font_size_tablet":0,"ocean_menu_typo_font_size_mobile":0,"ocean_menu_typo_font_size_unit":"px","ocean_menu_typo_font_weight":"","ocean_menu_typo_font_weight_tablet":"","ocean_menu_typo_font_weight_mobile":"","ocean_menu_typo_transform":"","ocean_menu_typo_transform_tablet":"","ocean_menu_typo_transform_mobile":"","ocean_menu_typo_line_height":0,"ocean_menu_typo_line_height_tablet":0,"ocean_menu_typo_line_height_mobile":0,"ocean_menu_typo_line_height_unit":"","ocean_menu_typo_spacing":0,"ocean_menu_typo_spacing_tablet":0,"ocean_menu_typo_spacing_mobile":0,"ocean_menu_typo_spacing_unit":"","ocean_menu_link_color":"","ocean_menu_link_color_hover":"","ocean_menu_link_color_active":"","ocean_menu_link_background":"","ocean_menu_link_hover_background":"","ocean_menu_link_active_background":"","ocean_menu_social_links_bg":"","ocean_menu_social_hover_links_bg":"","ocean_menu_social_links_color":"","ocean_menu_social_hover_links_color":"","ocean_disable_title":"enable","ocean_disable_heading":"default","ocean_post_title":"Visual Stress &amp; Colorimetry Assessment Tool","ocean_post_subheading":"","ocean_post_title_style":"","ocean_post_title_background_color":"","ocean_post_title_background":0,"ocean_post_title_bg_image_position":"","ocean_post_title_bg_image_attachment":"","ocean_post_title_bg_image_repeat":"","ocean_post_title_bg_image_size":"auto","ocean_post_title_height":80,"ocean_post_title_bg_overlay":0.5,"ocean_post_title_bg_overlay_color":"#4479bd","ocean_disable_breadcrumbs":"default","ocean_breadcrumbs_color":"","ocean_breadcrumbs_separator_color":"","ocean_breadcrumbs_links_color":"","ocean_breadcrumbs_links_hover_color":"","ocean_display_footer_widgets":"default","ocean_display_footer_bottom":"default","ocean_custom_footer_template":"0","footnotes":""},"folder":[15],"class_list":["post-1759","page","type-page","status-publish","hentry","entry"],"_links":{"self":[{"href":"https:\/\/www.visualstress.app\/fr\/wp-json\/wp\/v2\/pages\/1759","targetHints":{"allow":["GET"]}}],"collection":[{"href":"https:\/\/www.visualstress.app\/fr\/wp-json\/wp\/v2\/pages"}],"about":[{"href":"https:\/\/www.visualstress.app\/fr\/wp-json\/wp\/v2\/types\/page"}],"author":[{"embeddable":true,"href":"https:\/\/www.visualstress.app\/fr\/wp-json\/wp\/v2\/users\/2"}],"replies":[{"embeddable":true,"href":"https:\/\/www.visualstress.app\/fr\/wp-json\/wp\/v2\/comments?post=1759"}],"version-history":[{"count":4,"href":"https:\/\/www.visualstress.app\/fr\/wp-json\/wp\/v2\/pages\/1759\/revisions"}],"predecessor-version":[{"id":3453,"href":"https:\/\/www.visualstress.app\/fr\/wp-json\/wp\/v2\/pages\/1759\/revisions\/3453"}],"wp:attachment":[{"href":"https:\/\/www.visualstress.app\/fr\/wp-json\/wp\/v2\/media?parent=1759"}],"wp:term":[{"taxonomy":"folder","embeddable":true,"href":"https:\/\/www.visualstress.app\/fr\/wp-json\/wp\/v2\/folder?post=1759"}],"curies":[{"name":"wp","href":"https:\/\/api.w.org\/{rel}","templated":true}]}}